{"id":52,"date":"2023-03-18T20:22:15","date_gmt":"2023-03-18T19:22:15","guid":{"rendered":"http:\/\/drowig.com\/?page_id=52"},"modified":"2023-06-02T13:42:18","modified_gmt":"2023-06-02T11:42:18","slug":"qui-suis-je","status":"publish","type":"page","link":"https:\/\/drowig.com\/index.php\/qui-suis-je\/","title":{"rendered":"Qui suis-je ?"},"content":{"rendered":"\n<div class=\"overlay || js-loader\">\n  <span class=\"loader\">\n    <span class=\"loader__rocket\">\n      <svg width=\"164\" height=\"164\">\n        <circle class=\"loader__circle\" cx=\"78\" cy=\"82\" r=\"77\" transform=\"rotate(-90, 80, 80)\"><\/circle>\n      <\/svg>\n      <i class=\"loader__icon\">\n        <svg class=\"loader__svg\">\n           <polygon points=\"21 26.24 15.15 21.04 15.15 6.22 10.51 0 5.86 6.22 5.86 17.46 5.85 21.04 0 26.24 0 36 5.86 30.79 5.86 32.39 10.51 32.39 15.15 32.39 15.15 30.8 21 36 21 26.24\"><\/polygon>\n        <\/svg>\n      <\/i>\n    <\/span>\n  <\/span>\n<\/div>\n\n\n <script>\n   $( document ).ready(function(){\n      $('.loader').hide();\/*je cache le loader apr\u00e8s le chargement de la page*\/\n   });\n<\/script>\n\n\n\n<div style=\"height:80px\" aria-hidden=\"true\" class=\"wp-block-spacer\"><\/div>\n\n\n\n<div class=\"text-tap\">\n  <h1>Bonjour, je suis<\/h1>\n  <h1>Designer Graphique<\/h1>\n<\/div>\n\n\n\n<div style=\"height:80px\" aria-hidden=\"true\" class=\"wp-block-spacer\"><\/div>\n\n\n\n<div class=\"wp-block-uagb-container uagb-block-a965d4ee alignfull uagb-is-root-container\"><div class=\"uagb-container-inner-blocks-wrap\">\n<div class=\"wp-block-uagb-container uagb-block-b5c87f0a\">\n<div class=\"wp-block-uagb-image aligncenter uagb-block-d06068fe wp-block-uagb-image--layout-default wp-block-uagb-image--effect-static wp-block-uagb-image--align-center\"><figure class=\"wp-block-uagb-image__figure\"><img decoding=\"async\" srcset=\"https:\/\/drowig.com\/wp-content\/uploads\/2023\/03\/logo-Drowig.png \" src=\"https:\/\/drowig.com\/wp-content\/uploads\/2023\/03\/logo-Drowig.png\" alt=\"\" class=\"uag-image-710\" width=\"200\" height=\"879\" title=\"\" loading=\"lazy\"\/><\/figure><\/div>\n<\/div>\n\n\n\n<div class=\"wp-block-uagb-container uagb-block-3758f792\">\n<p class=\"has-text-align-left has-black-color has-text-color\" style=\"font-size:23px\">\u00c0 propos de moi<\/p>\n\n\n\n<p class=\"has-text-align-left has-black-color has-text-color\" style=\"font-size:16px\">Passionn\u00e9e par le dessin depuis mon plus jeune \u00e2ge, je dessinais chaque soir en rentrant de l&#8217;\u00e9cole pour m&#8217;\u00e9vader et d\u00e9velopper ma cr\u00e9ativit\u00e9. Apr\u00e8s avoir suivi des \u00e9tudes en Arts Plastiques \u00e0 l&#8217;universit\u00e9, j&#8217;ai par la suite continu\u00e9 dans le design graphique. La nature et les animaux m&#8217;inspirent particuli\u00e8rement. <\/p>\n\n\n\n<p class=\"has-text-align-left has-black-color has-text-color\" style=\"font-size:16px\">Communiquer est essentiel dans notre soci\u00e9t\u00e9 et fait partie de notre ADN. L&#8217;image que nous pouvons renvoyer nous interroge sur nous-m\u00eame et ce que l&#8217;on repr\u00e9sente pour la soci\u00e9t\u00e9. Au del\u00e0 de l&#8217;aspect purement esth\u00e9tique que vous choisissez, l&#8217;important c&#8217;est que l&#8217;image que vous exposez corresponde \u00e0 votre philosophie et soit en harmonie avec votre domaine d&#8217;activit\u00e9 et vos valeurs.<\/p>\n\n\n\n<p class=\"has-text-align-left has-black-color has-text-color\" style=\"font-size:16px\">Aujourd&#8217;hui je suis pr\u00eate \u00e0 relever les challenges qui s&#8217;offrent \u00e0 moi et \u00e0 vous aider dans vos projets de communication. Tentez l&#8217;aventure et je concevrai un design conforme \u00e0 vos attentes.<\/p>\n<\/div>\n<\/div><\/div>\n\n\n\n<div style=\"height:55px\" aria-hidden=\"true\" class=\"wp-block-spacer\"><\/div>\n\n\n\n<blockquote class=\"blockquote\"><p>Une communication visuelle intuitive c&#8217;est \u00eatre reconnaissable par votre cible au premier coup d&#8217;\u0153il.<\/p><\/blockquote>\n<blockquote class=\"other-blockquote\">\n  La cr\u00e9ativit\u00e9 ne fait que relier les choses. Quand vous demandez \u00e0 des cr\u00e9atifs comment ils ont fait quelque chose, ils se sentent un peu coupables parce qu&#8217;ils ne l&#8217;ont pas vraiment fait, ils ont juste ressenti quelque chose. Cela leur a sembl\u00e9 \u00e9vident au bout d&#8217;un moment. C&#8217;est parce qu&#8217;ils ont \u00e9t\u00e9 capables de relier les exp\u00e9riences qu&#8217;ils ont eues et de concr\u00e9tiser de nouvelles choses.\n  <span>Steve Jobs<\/span>\n<\/blockquote>\n\n\n\n<div style=\"height:65px\" aria-hidden=\"true\" class=\"wp-block-spacer\"><\/div>\n\n\n\n<div class=\"wp-block-uagb-icon-list uagb-block-30e54246\"><div class=\"uagb-icon-list__wrap\">\n<div class=\"wp-block-uagb-icon-list-child uagb-block-a01c6bcb\"><span class=\"uagb-icon-list__source-wrap\"><svg xmlns=\"https:\/\/www.w3.org\/2000\/svg\" viewBox=\"0 0 256 512\"><path d=\"M256 448c0 17.67-14.33 32-32 32H32c-17.67 0-32-14.33-32-32s14.33-32 32-32h64V123.8L49.75 154.6C35.02 164.5 15.19 160.4 5.375 145.8C-4.422 131.1-.4531 111.2 14.25 101.4l96-64c9.828-6.547 22.45-7.187 32.84-1.594C153.5 41.37 160 52.22 160 64.01v352h64C241.7 416 256 430.3 256 448z\"><\/path><\/svg><\/span><span class=\"uagb-icon-list__label\">Mon r\u00f4le c&#8217;est avant tout d&#8217;\u00eatre \u00e0 l&#8217;\u00e9coute de votre demande.<\/span><\/div>\n\n\n\n<div class=\"wp-block-uagb-icon-list-child uagb-block-757a2564\"><span class=\"uagb-icon-list__source-wrap\"><svg xmlns=\"https:\/\/www.w3.org\/2000\/svg\" viewBox=\"0 0 320 512\"><path d=\"M320 448c0 17.67-14.33 32-32 32H32c-13.08 0-24.83-7.953-29.7-20.09c-4.859-12.12-1.859-26 7.594-35.03l193.6-185.1c31.36-30.17 33.95-80 5.812-113.4c-14.91-17.69-35.86-28.12-58.97-29.38C127.4 95.83 105.3 103.9 88.53 119.9L53.52 151.7c-13.08 11.91-33.33 10.89-45.2-2.172C-3.563 136.5-2.594 116.2 10.48 104.3l34.45-31.3c28.67-27.34 68.39-42.11 108.9-39.88c40.33 2.188 78.39 21.16 104.4 52.03c49.8 59.05 45.2 147.3-10.45 200.8l-136 130H288C305.7 416 320 430.3 320 448z\"><\/path><\/svg><\/span><span class=\"uagb-icon-list__label\">D\u00e9finir vos besoins et saisir les contraintes et particularit\u00e9s de votre projet.<\/span><\/div>\n\n\n\n<div class=\"wp-block-uagb-icon-list-child uagb-block-06cf35d1\"><span class=\"uagb-icon-list__source-wrap\"><svg xmlns=\"https:\/\/www.w3.org\/2000\/svg\" viewBox=\"0 0 320 512\"><path d=\"M320 344c0 74.98-61.02 136-136 136H103.6c-46.34 0-87.31-29.53-101.1-73.48c-5.594-16.77 3.484-34.88 20.25-40.47c16.75-5.609 34.89 3.484 40.47 20.25c5.922 17.77 22.48 29.7 41.23 29.7H184c39.7 0 72-32.3 72-72s-32.3-72-72-72H80c-13.2 0-25.05-8.094-29.83-20.41C45.39 239.3 48.66 225.3 58.38 216.4l131.4-120.4H32c-17.67 0-32-14.33-32-32s14.33-32 32-32h240c13.2 0 25.05 8.094 29.83 20.41c4.781 12.3 1.516 26.27-8.203 35.19l-131.4 120.4H184C258.1 208 320 269 320 344z\"><\/path><\/svg><\/span><span class=\"uagb-icon-list__label\">Vous proposer une solution graphique adapt\u00e9e. Un design sur-mesure.<\/span><\/div>\n\n\n\n<div class=\"wp-block-uagb-icon-list-child uagb-block-151adc65\"><span class=\"uagb-icon-list__source-wrap\"><svg xmlns=\"https:\/\/www.w3.org\/2000\/svg\" viewBox=\"0 0 384 512\"><path d=\"M384 334.2c0 17.67-14.33 32-32 32h-32v81.78c0 17.67-14.33 32-32 32s-32-14.33-32-32v-81.78H32c-10.97 0-21.17-5.625-27.05-14.89c-5.859-9.266-6.562-20.89-1.875-30.81l128-270.2C138.6 34.33 157.8 27.56 173.7 35.09c15.97 7.562 22.78 26.66 15.22 42.63L82.56 302.2H256V160c0-17.67 14.33-32 32-32s32 14.33 32 32v142.2h32C369.7 302.2 384 316.6 384 334.2z\"><\/path><\/svg><\/span><span class=\"uagb-icon-list__label\">Construire ensemble cette solution et l&#8217;accorder avec vos envies.<\/span><\/div>\n\n\n\n<div class=\"wp-block-uagb-icon-list-child uagb-block-79a1b9be\"><span class=\"uagb-icon-list__source-wrap\"><svg xmlns=\"https:\/\/www.w3.org\/2000\/svg\" viewBox=\"0 0 320 512\"><path d=\"M320 344.6c0 74.66-60.73 135.4-135.4 135.4H104.7c-46.81 0-88.22-29.83-103-74.23c-5.594-16.77 3.469-34.89 20.23-40.48c16.83-5.625 34.91 3.469 40.48 20.23c6.078 18.23 23.08 30.48 42.3 30.48h79.95c39.36 0 71.39-32.03 71.39-71.39s-32.03-71.38-71.39-71.38H32c-9.484 0-18.47-4.203-24.56-11.48C1.359 254.5-1.172 244.9 .5156 235.6l32-177.2C35.27 43.09 48.52 32.01 64 32.01l192 .0049c17.67 0 32 14.33 32 32s-14.33 32-32 32H90.73L70.3 209.2h114.3C259.3 209.2 320 269.1 320 344.6z\"><\/path><\/svg><\/span><span class=\"uagb-icon-list__label\">Vous accompagner et donner les \u00e9l\u00e9ments pour continuer \u00e0 utiliser ce design dans l&#8217;ensemble de vos activit\u00e9s.<\/span><\/div>\n<\/div><\/div>\n\n\n\n<div style=\"height:60px\" aria-hidden=\"true\" class=\"wp-block-spacer\"><\/div>\n\n\n\n<div class=\"wp-block-cover alignfull\" style=\"min-height:314px;aspect-ratio:unset;\"><span aria-hidden=\"true\" class=\"wp-block-cover__background has-ast-global-color-1-background-color has-background-dim-80 has-background-dim\"><\/span><img loading=\"lazy\" decoding=\"async\" width=\"2560\" height=\"1707\" class=\"wp-block-cover__image-background wp-image-595\" alt=\"\" src=\"http:\/\/drowig.com\/wp-content\/uploads\/2023\/03\/eniko-kis-uf-IaeduFfk-unsplash-scaled.jpg\" style=\"object-position:52% 76%\" data-object-fit=\"cover\" data-object-position=\"52% 76%\" srcset=\"https:\/\/drowig.com\/wp-content\/uploads\/2023\/03\/eniko-kis-uf-IaeduFfk-unsplash-scaled.jpg 2560w, https:\/\/drowig.com\/wp-content\/uploads\/2023\/03\/eniko-kis-uf-IaeduFfk-unsplash-300x200.jpg 300w, https:\/\/drowig.com\/wp-content\/uploads\/2023\/03\/eniko-kis-uf-IaeduFfk-unsplash-1024x683.jpg 1024w, https:\/\/drowig.com\/wp-content\/uploads\/2023\/03\/eniko-kis-uf-IaeduFfk-unsplash-768x512.jpg 768w, https:\/\/drowig.com\/wp-content\/uploads\/2023\/03\/eniko-kis-uf-IaeduFfk-unsplash-1536x1024.jpg 1536w, https:\/\/drowig.com\/wp-content\/uploads\/2023\/03\/eniko-kis-uf-IaeduFfk-unsplash-2048x1365.jpg 2048w\" sizes=\"auto, (max-width: 2560px) 100vw, 2560px\" \/><div class=\"wp-block-cover__inner-container is-layout-flow wp-block-cover-is-layout-flow\">\n<p class=\"has-text-align-center\" style=\"font-size:22px\">Pour plus d&#8217;informations ou une demande de devis vous pouvez me contacter directement via la page contact.&nbsp;<\/p>\n\n\n\n<div class=\"wp-block-uagb-buttons uagb-buttons__outer-wrap uagb-btn__default-btn uagb-btn-tablet__default-btn uagb-btn-mobile__default-btn uagb-block-a2a7c949\"><div class=\"uagb-buttons__wrap uagb-buttons-layout-wrap\">\n<div class=\"wp-block-uagb-buttons-child uagb-buttons__outer-wrap uagb-block-c0f29d48 wp-block-button is-style-outline\"><div class=\"uagb-button__wrapper\"><a class=\"uagb-buttons-repeater wp-block-button__link has-background has-text-color\" href=\"https:\/\/drowig.com\/index.php\/contact\/\" onclick=\"return true;\" rel=\"follow noopener\" target=\"_self\"><div class=\"uagb-button__link\">Cliquez ici<\/div><\/a><\/div><\/div>\n<\/div><\/div>\n<\/div><\/div>\n","protected":false},"excerpt":{"rendered":"<p>Bonjour, je suis Designer Graphique Une communication visuelle intuitive c&#8217;est \u00eatre reconnaissable par votre cible au premier coup d&#8217;\u0153il. La cr\u00e9ativit\u00e9 ne fait que relier les choses. Quand vous demandez \u00e0 des cr\u00e9atifs comment ils ont fait quelque chose, ils se sentent un peu coupables parce qu&#8217;ils ne l&#8217;ont pas vraiment fait, ils ont juste &hellip;<\/p>\n<p class=\"read-more\"> <a class=\"\" href=\"https:\/\/drowig.com\/index.php\/qui-suis-je\/\"> <span class=\"screen-reader-text\">Qui suis-je ?<\/span> Read More &raquo;<\/a><\/p>\n","protected":false},"author":1,"featured_media":0,"parent":0,"menu_order":0,"comment_status":"closed","ping_status":"closed","template":"","meta":{"_uag_custom_page_level_css":"","site-sidebar-layout":"default","site-content-layout":"default","ast-global-header-display":"","ast-main-header-display":"","ast-hfb-above-header-display":"","ast-hfb-below-header-display":"","ast-hfb-mobile-header-display":"","site-post-title":"","ast-breadcrumbs-content":"","ast-featured-img":"","footer-sml-layout":"","theme-transparent-header-meta":"","adv-header-id-meta":"","stick-header-meta":"","header-above-stick-meta":"","header-main-stick-meta":"","header-below-stick-meta":"","footnotes":""},"class_list":["post-52","page","type-page","status-publish","hentry"],"uagb_featured_image_src":{"full":false,"thumbnail":false,"medium":false,"medium_large":false,"large":false,"1536x1536":false,"2048x2048":false},"uagb_author_info":{"display_name":"Drowig","author_link":"https:\/\/drowig.com\/index.php\/author\/admin3076\/"},"uagb_comment_info":0,"uagb_excerpt":"Bonjour, je suis Designer Graphique Une communication visuelle intuitive c&#8217;est \u00eatre reconnaissable par votre cible au premier coup d&#8217;\u0153il. La cr\u00e9ativit\u00e9 ne fait que relier les choses. Quand vous demandez \u00e0 des cr\u00e9atifs comment ils ont fait quelque chose, ils se sentent un peu coupables parce qu&#8217;ils ne l&#8217;ont pas vraiment fait, ils ont juste&hellip;","_links":{"self":[{"href":"https:\/\/drowig.com\/index.php\/wp-json\/wp\/v2\/pages\/52","targetHints":{"allow":["GET"]}}],"collection":[{"href":"https:\/\/drowig.com\/index.php\/wp-json\/wp\/v2\/pages"}],"about":[{"href":"https:\/\/drowig.com\/index.php\/wp-json\/wp\/v2\/types\/page"}],"author":[{"embeddable":true,"href":"https:\/\/drowig.com\/index.php\/wp-json\/wp\/v2\/users\/1"}],"replies":[{"embeddable":true,"href":"https:\/\/drowig.com\/index.php\/wp-json\/wp\/v2\/comments?post=52"}],"version-history":[{"count":1,"href":"https:\/\/drowig.com\/index.php\/wp-json\/wp\/v2\/pages\/52\/revisions"}],"predecessor-version":[{"id":3930,"href":"https:\/\/drowig.com\/index.php\/wp-json\/wp\/v2\/pages\/52\/revisions\/3930"}],"wp:attachment":[{"href":"https:\/\/drowig.com\/index.php\/wp-json\/wp\/v2\/media?parent=52"}],"curies":[{"name":"wp","href":"https:\/\/api.w.org\/{rel}","templated":true}]}}